{"id":105,"date":"2020-12-22T11:23:49","date_gmt":"2020-12-22T11:23:49","guid":{"rendered":"https:\/\/kleinwaechter.ch\/?page_id=105"},"modified":"2021-04-24T08:40:42","modified_gmt":"2021-04-24T08:40:42","slug":"kleinwaechter","status":"publish","type":"page","link":"https:\/\/kleinwaechter.ch\/","title":{"rendered":"KLEINW\u00c4CHTER"},"content":{"rendered":"\t\t<div data-elementor-type=\"wp-page\" data-elementor-id=\"105\" class=\"elementor elementor-105\">\n\t\t\t\t\t\t<section class=\"elementor-section elementor-top-section elementor-element elementor-element-3917cbd elementor-section-boxed elementor-section-height-default elementor-section-height-default\" data-id=\"3917cbd\" data-element_type=\"section\" data-e-type=\"section\">\n\t\t\t\t\t\t<div class=\"elementor-container elementor-column-gap-default\">\n\t\t\t\t\t<div class=\"elementor-column elementor-col-100 elementor-top-column elementor-element elementor-element-dcb4550\" data-id=\"dcb4550\" data-element_type=\"column\" data-e-type=\"column\">\n\t\t\t<div class=\"elementor-widget-wrap elementor-element-populated\">\n\t\t\t\t\t\t<div class=\"elementor-element elementor-element-8944da8 elementor-widget elementor-widget-image\" data-id=\"8944da8\" data-element_type=\"widget\" data-e-type=\"widget\" data-widget_type=\"image.default\">\n\t\t\t\t<div class=\"elementor-widget-container\">\n\t\t\t\t\t\t\t\t\t\t\t\t\t\t\t<img fetchpriority=\"high\" decoding=\"async\" width=\"1917\" height=\"1046\" src=\"https:\/\/kleinwaechter.ch\/wp-content\/uploads\/2020\/12\/1-tale-quer-neu.jpg\" class=\"attachment-full size-full wp-image-20\" alt=\"\" srcset=\"https:\/\/kleinwaechter.ch\/wp-content\/uploads\/2020\/12\/1-tale-quer-neu.jpg 1917w, https:\/\/kleinwaechter.ch\/wp-content\/uploads\/2020\/12\/1-tale-quer-neu-1536x838.jpg 1536w\" sizes=\"(max-width: 1917px) 100vw, 1917px\" \/>\t\t\t\t\t\t\t\t\t\t\t\t\t\t\t<\/div>\n\t\t\t\t<\/div>\n\t\t\t\t\t<\/div>\n\t\t<\/div>\n\t\t\t\t\t<\/div>\n\t\t<\/section>\n\t\t\t\t<section class=\"elementor-section elementor-top-section elementor-element elementor-element-d565345 elementor-section-boxed elementor-section-height-default elementor-section-height-default\" data-id=\"d565345\" data-element_type=\"section\" data-e-type=\"section\">\n\t\t\t\t\t\t<div class=\"elementor-container elementor-column-gap-default\">\n\t\t\t\t\t<div class=\"elementor-column elementor-col-100 elementor-top-column elementor-element elementor-element-71898c3\" data-id=\"71898c3\" data-element_type=\"column\" data-e-type=\"column\">\n\t\t\t<div class=\"elementor-widget-wrap elementor-element-populated\">\n\t\t\t\t\t\t<div class=\"elementor-element elementor-element-de776f2 elementor-widget elementor-widget-text-editor\" data-id=\"de776f2\" data-element_type=\"widget\" data-e-type=\"widget\" data-widget_type=\"text-editor.default\">\n\t\t\t\t<div class=\"elementor-widget-container\">\n\t\t\t\t\t\t\t\t\t<p style=\"margin-bottom: 0px; font-stretch: normal; font-size: 22px; line-1.3: normal; font-family: Menlo; color: #53585f; -webkit-text-stroke-width: initial; -webkit-text-stroke-color: #53585f;\"><span style=\"font-kerning: none;\"><b>ENGINEERING. AUTOMATION. PRODUKTION. PROZESSDIGITALISIERUNG.<\/b><\/span><\/p>\t\t\t\t\t\t\t\t<\/div>\n\t\t\t\t<\/div>\n\t\t\t\t\t<\/div>\n\t\t<\/div>\n\t\t\t\t\t<\/div>\n\t\t<\/section>\n\t\t\t\t<section class=\"elementor-section elementor-top-section elementor-element elementor-element-02ef93a elementor-section-boxed elementor-section-height-default elementor-section-height-default\" data-id=\"02ef93a\" data-element_type=\"section\" data-e-type=\"section\">\n\t\t\t\t\t\t<div class=\"elementor-container elementor-column-gap-default\">\n\t\t\t\t\t<div class=\"elementor-column elementor-col-33 elementor-top-column elementor-element elementor-element-a6aa1e6\" data-id=\"a6aa1e6\" data-element_type=\"column\" data-e-type=\"column\">\n\t\t\t<div class=\"elementor-widget-wrap elementor-element-populated\">\n\t\t\t\t\t\t<div class=\"elementor-element elementor-element-a49352a elementor-widget elementor-widget-image\" data-id=\"a49352a\" data-element_type=\"widget\" data-e-type=\"widget\" data-widget_type=\"image.default\">\n\t\t\t\t<div class=\"elementor-widget-container\">\n\t\t\t\t\t\t\t\t\t\t\t\t\t\t\t<img decoding=\"async\" src=\"https:\/\/kleinwaechter.ch\/wp-content\/uploads\/elementor\/thumbs\/1-FLuggeraet-p08igubwpnvg5s5ogtt0gvzt75t04ammut16n0nue8.jpg\" title=\"1-FLugger\u00e4t\" alt=\"1-FLugger\u00e4t\" loading=\"lazy\" \/>\t\t\t\t\t\t\t\t\t\t\t\t\t\t\t<\/div>\n\t\t\t\t<\/div>\n\t\t\t\t<div class=\"elementor-element elementor-element-2611943 elementor-widget elementor-widget-text-editor\" data-id=\"2611943\" data-element_type=\"widget\" data-e-type=\"widget\" data-widget_type=\"text-editor.default\">\n\t\t\t\t<div class=\"elementor-widget-container\">\n\t\t\t\t\t\t\t\t\t<p style=\"margin-bottom: 6px; text-align: center; font-stretch: normal; font-size: 20px; line-height: normal; font-family: Menlo; color: #53585f; -webkit-text-stroke-width: initial; -webkit-text-stroke-color: #53585f;\"><span style=\"font-kerning: none;\"><b>SYSTEMS ENGINEERING<\/b><\/span><\/p><p style=\"margin-bottom: 6px; text-align: center; font-stretch: normal; font-size: 20px; line-height: normal; font-family: Menlo; color: #53585f; -webkit-text-stroke-width: initial; -webkit-text-stroke-color: #53585f;\"><span style=\"font-kerning: none;\"><b>&amp; AUTOMATION<\/b><\/span><\/p>\t\t\t\t\t\t\t\t<\/div>\n\t\t\t\t<\/div>\n\t\t\t\t<div class=\"elementor-element elementor-element-31112ca elementor-widget elementor-widget-text-editor\" data-id=\"31112ca\" data-element_type=\"widget\" data-e-type=\"widget\" data-widget_type=\"text-editor.default\">\n\t\t\t\t<div class=\"elementor-widget-container\">\n\t\t\t\t\t\t\t\t\t<p style=\"margin-bottom: 0px; text-align: left; font-stretch: normal; font-size: 14px; line-height: 1.8; font-family: Menlo; color: #000000; -webkit-text-stroke-width: initial; -webkit-text-stroke-color: #000000;\"><span style=\"letter-spacing: -0.1px;\">Ob bei der Optimierung von Verf\u00fcgbarkeit, Zuverl\u00e4ssigkeit, Taktzeit, Prozess und Yield, der Materialflussplanung bis zur Automatisierung Ihrer Abl\u00e4ufe erhalten Sie die richtige Unterst\u00fctzung in allen Phasen und Anforderungen: pr\u00e4zise, umfassend, l\u00f6sungsfokussiert.<\/span><\/p>\t\t\t\t\t\t\t\t<\/div>\n\t\t\t\t<\/div>\n\t\t\t\t\t<\/div>\n\t\t<\/div>\n\t\t\t\t<div class=\"elementor-column elementor-col-33 elementor-top-column elementor-element elementor-element-871a39e\" data-id=\"871a39e\" data-element_type=\"column\" data-e-type=\"column\">\n\t\t\t<div class=\"elementor-widget-wrap elementor-element-populated\">\n\t\t\t\t\t\t<div class=\"elementor-element elementor-element-a967e71 elementor-widget elementor-widget-image\" data-id=\"a967e71\" data-element_type=\"widget\" data-e-type=\"widget\" data-widget_type=\"image.default\">\n\t\t\t\t<div class=\"elementor-widget-container\">\n\t\t\t\t\t\t\t\t\t\t\t\t\t\t\t<img decoding=\"async\" src=\"https:\/\/kleinwaechter.ch\/wp-content\/uploads\/elementor\/thumbs\/1-kompass-zugeschn-1-p08ovf4n7lim678b1zvdm7bf4vbfbd088263pks61s.png\" title=\"1-kompass zugeschn\" alt=\"1-kompass zugeschn\" loading=\"lazy\" \/>\t\t\t\t\t\t\t\t\t\t\t\t\t\t\t<\/div>\n\t\t\t\t<\/div>\n\t\t\t\t<div class=\"elementor-element elementor-element-5d15cc4 elementor-widget elementor-widget-text-editor\" data-id=\"5d15cc4\" data-element_type=\"widget\" data-e-type=\"widget\" data-widget_type=\"text-editor.default\">\n\t\t\t\t<div class=\"elementor-widget-container\">\n\t\t\t\t\t\t\t\t\t<p style=\"margin-bottom: 6px; text-align: center; font-stretch: normal; font-size: 20px; line-height: normal; font-family: Menlo; color: #53585f; -webkit-text-stroke-width: initial; -webkit-text-stroke-color: #53585f;\"><span style=\"font-kerning: none;\"><b>PROZESSE &amp;<\/b><\/span><\/p><p style=\"margin-bottom: 6px; text-align: center; font-stretch: normal; font-size: 20px; line-height: normal; font-family: Menlo; color: #53585f; -webkit-text-stroke-width: initial; -webkit-text-stroke-color: #53585f;\"><span style=\"font-kerning: none;\"><b>DIGITALISIERUNG<\/b><\/span><\/p>\t\t\t\t\t\t\t\t<\/div>\n\t\t\t\t<\/div>\n\t\t\t\t<div class=\"elementor-element elementor-element-13c43c6 elementor-widget elementor-widget-text-editor\" data-id=\"13c43c6\" data-element_type=\"widget\" data-e-type=\"widget\" data-widget_type=\"text-editor.default\">\n\t\t\t\t<div class=\"elementor-widget-container\">\n\t\t\t\t\t\t\t\t\t<p style=\"margin-bottom: 0px; text-align: left; font-stretch: normal; font-size: 14px; ; line-height: 1.8; font-family: Menlo; color: #000000; -webkit-text-stroke-width: initial; -webkit-text-stroke-color: #000000;\"><span style=\"font-kerning: none;\">Wenn neue Ziele rufen oder die Grenzen des Alten erreicht sind, ist es Zeit, passende Konzepte f\u00fcr eine gelingende Zukunft zu entwickeln. Auf Basis einer sauberen Analyse l\u00e4sst sich der neue Kurs gestalten. Blockaden, Fehler und Bedenken werden in St\u00e4rken gewandelt f\u00fcr eine neue gemeinsame Ausrichtung.<\/span><\/p>\t\t\t\t\t\t\t\t<\/div>\n\t\t\t\t<\/div>\n\t\t\t\t\t<\/div>\n\t\t<\/div>\n\t\t\t\t<div class=\"elementor-column elementor-col-33 elementor-top-column elementor-element elementor-element-6a08af9\" data-id=\"6a08af9\" data-element_type=\"column\" data-e-type=\"column\">\n\t\t\t<div class=\"elementor-widget-wrap elementor-element-populated\">\n\t\t\t\t\t\t<div class=\"elementor-element elementor-element-1b18abf elementor-widget elementor-widget-image\" data-id=\"1b18abf\" data-element_type=\"widget\" data-e-type=\"widget\" data-widget_type=\"image.default\">\n\t\t\t\t<div class=\"elementor-widget-container\">\n\t\t\t\t\t\t\t\t\t\t\t\t\t\t\t<img decoding=\"async\" src=\"https:\/\/kleinwaechter.ch\/wp-content\/uploads\/elementor\/thumbs\/1-desk-p08igw7l3by0t02y5um9lviqdxjqjou3j2c5lkl21s.jpg\" title=\"1-desk\" alt=\"1-desk\" loading=\"lazy\" \/>\t\t\t\t\t\t\t\t\t\t\t\t\t\t\t<\/div>\n\t\t\t\t<\/div>\n\t\t\t\t<div class=\"elementor-element elementor-element-9ee8e65 elementor-widget elementor-widget-text-editor\" data-id=\"9ee8e65\" data-element_type=\"widget\" data-e-type=\"widget\" data-widget_type=\"text-editor.default\">\n\t\t\t\t<div class=\"elementor-widget-container\">\n\t\t\t\t\t\t\t\t\t<p style=\"margin-bottom: 6px; text-align: center; font-stretch: normal; font-size: 20px; line-height: normal; font-family: Menlo; color: #53585f; -webkit-text-stroke-width: initial; -webkit-text-stroke-color: #53585f;\"><span style=\"font-kerning: none;\"><b>REQUIREMENTS<\/b><\/span><\/p><p style=\"margin-bottom: 6px; text-align: center; font-stretch: normal; font-size: 20px; line-height: normal; font-family: Menlo; color: #53585f; -webkit-text-stroke-width: initial; -webkit-text-stroke-color: #53585f;\"><span style=\"font-kerning: none;\"><b>&amp; DOKUMENTATION<\/b><\/span><\/p>\t\t\t\t\t\t\t\t<\/div>\n\t\t\t\t<\/div>\n\t\t\t\t<div class=\"elementor-element elementor-element-84e87cc elementor-widget elementor-widget-text-editor\" data-id=\"84e87cc\" data-element_type=\"widget\" data-e-type=\"widget\" data-widget_type=\"text-editor.default\">\n\t\t\t\t<div class=\"elementor-widget-container\">\n\t\t\t\t\t\t\t\t\t<p style=\"margin-bottom: 0px; text-align: left; letter-spacing: -0.1px; line-height: 1.8; font-stretch: normal; font-size: 14px; font-family: Menlo; color: #000000; -webkit-text-stroke-width: initial; -webkit-text-stroke-color: #000000;\"><span style=\"font-kerning: none;\">Den \u201ehappy flow\u201c Ihres Prozesses kennen Sie l\u00e4ngst. Fast wichtiger ist es, die Ausnahmen und Fehlerbehandlungen zu formulieren, die in den Anforderungen &#8211; funktionale wie <\/span><span style=\"letter-spacing: -0.5px;\">nicht-funktionale &#8211; zu ber\u00fccksichtigen sind<\/span><span style=\"font-kerning: none;\">. Lohnend wird es, wenn durch geschickte Modularisierung\u00a0 ein echter Mehrwert erreicht wird.<\/span><\/p>\t\t\t\t\t\t\t\t<\/div>\n\t\t\t\t<\/div>\n\t\t\t\t\t<\/div>\n\t\t<\/div>\n\t\t\t\t\t<\/div>\n\t\t<\/section>\n\t\t\t\t<section class=\"elementor-section elementor-top-section elementor-element elementor-element-acb0595 elementor-section-boxed elementor-section-height-default elementor-section-height-default\" data-id=\"acb0595\" data-element_type=\"section\" data-e-type=\"section\">\n\t\t\t\t\t\t<div class=\"elementor-container elementor-column-gap-default\">\n\t\t\t\t\t<div class=\"elementor-column elementor-col-100 elementor-top-column elementor-element elementor-element-4ae1a64\" data-id=\"4ae1a64\" data-element_type=\"column\" data-e-type=\"column\">\n\t\t\t<div class=\"elementor-widget-wrap elementor-element-populated\">\n\t\t\t\t\t\t<div class=\"elementor-element elementor-element-d596827 elementor-widget-divider--view-line elementor-widget elementor-widget-divider\" data-id=\"d596827\" data-element_type=\"widget\" data-e-type=\"widget\" data-widget_type=\"divider.default\">\n\t\t\t\t<div class=\"elementor-widget-container\">\n\t\t\t\t\t\t\t<div class=\"elementor-divider\">\n\t\t\t<span class=\"elementor-divider-separator\">\n\t\t\t\t\t\t<\/span>\n\t\t<\/div>\n\t\t\t\t\t\t<\/div>\n\t\t\t\t<\/div>\n\t\t\t\t\t<\/div>\n\t\t<\/div>\n\t\t\t\t\t<\/div>\n\t\t<\/section>\n\t\t\t\t<section class=\"elementor-section elementor-top-section elementor-element elementor-element-b034771 elementor-section-boxed elementor-section-height-default elementor-section-height-default\" data-id=\"b034771\" data-element_type=\"section\" data-e-type=\"section\">\n\t\t\t\t\t\t<div class=\"elementor-container elementor-column-gap-default\">\n\t\t\t\t\t<div class=\"elementor-column elementor-col-100 elementor-top-column elementor-element elementor-element-f4e5307\" data-id=\"f4e5307\" data-element_type=\"column\" data-e-type=\"column\">\n\t\t\t<div class=\"elementor-widget-wrap elementor-element-populated\">\n\t\t\t\t\t\t<div class=\"elementor-element elementor-element-830a943 elementor-widget elementor-widget-text-editor\" data-id=\"830a943\" data-element_type=\"widget\" data-e-type=\"widget\" data-widget_type=\"text-editor.default\">\n\t\t\t\t<div class=\"elementor-widget-container\">\n\t\t\t\t\t\t\t\t\t<p style=\"margin-bottom: 0px; font-stretch: normal; font-size: 14px; line-height: normal; font-family: Menlo; color: #5e5e5e; -webkit-text-stroke-width: initial; -webkit-text-stroke-color: #5e5e5e;\"><span style=\"font-kerning: none;\"><b><i>\u201eDie Hand ist der verl\u00e4ngerte Arm des Herzens.\u201c (A. Tenzer)<\/i><\/b><\/span><\/p>\t\t\t\t\t\t\t\t<\/div>\n\t\t\t\t<\/div>\n\t\t\t\t\t<\/div>\n\t\t<\/div>\n\t\t\t\t\t<\/div>\n\t\t<\/section>\n\t\t\t\t<section class=\"elementor-section elementor-top-section elementor-element elementor-element-e12f109 elementor-section-boxed elementor-section-height-default elementor-section-height-default\" data-id=\"e12f109\" data-element_type=\"section\" data-e-type=\"section\">\n\t\t\t\t\t\t<div class=\"elementor-container elementor-column-gap-default\">\n\t\t\t\t\t<div class=\"elementor-column elementor-col-100 elementor-top-column elementor-element elementor-element-b9adcfc\" data-id=\"b9adcfc\" data-element_type=\"column\" data-e-type=\"column\">\n\t\t\t<div class=\"elementor-widget-wrap elementor-element-populated\">\n\t\t\t\t\t\t<div class=\"elementor-element elementor-element-3dcbf6d elementor-widget-divider--view-line elementor-widget elementor-widget-divider\" data-id=\"3dcbf6d\" data-element_type=\"widget\" data-e-type=\"widget\" data-widget_type=\"divider.default\">\n\t\t\t\t<div class=\"elementor-widget-container\">\n\t\t\t\t\t\t\t<div class=\"elementor-divider\">\n\t\t\t<span class=\"elementor-divider-separator\">\n\t\t\t\t\t\t<\/span>\n\t\t<\/div>\n\t\t\t\t\t\t<\/div>\n\t\t\t\t<\/div>\n\t\t\t\t\t<\/div>\n\t\t<\/div>\n\t\t\t\t\t<\/div>\n\t\t<\/section>\n\t\t\t\t<section class=\"elementor-section elementor-top-section elementor-element elementor-element-69c5f66 elementor-section-boxed elementor-section-height-default elementor-section-height-default\" data-id=\"69c5f66\" data-element_type=\"section\" data-e-type=\"section\">\n\t\t\t\t\t\t<div class=\"elementor-container elementor-column-gap-default\">\n\t\t\t\t\t<div class=\"elementor-column elementor-col-100 elementor-top-column elementor-element elementor-element-bb26409\" data-id=\"bb26409\" data-element_type=\"column\" data-e-type=\"column\">\n\t\t\t<div class=\"elementor-widget-wrap elementor-element-populated\">\n\t\t\t\t\t\t<div class=\"elementor-element elementor-element-220cba5 elementor-widget elementor-widget-text-editor\" data-id=\"220cba5\" data-element_type=\"widget\" data-e-type=\"widget\" data-widget_type=\"text-editor.default\">\n\t\t\t\t<div class=\"elementor-widget-container\">\n\t\t\t\t\t\t\t\t\t<p style=\"margin-bottom: 0px; font-stretch: normal; font-size: 14px; line-height: 1.8; font-family: Menlo; color: #000000; -webkit-text-stroke-width: initial; -webkit-text-stroke-color: #000000;\"><span style=\"font-kerning: none;\">Sabine Kleinw\u00e4chter (<\/span><span style=\"font-stretch: normal; font-size: 14px; line-height: normal; -webkit-font-kerning: none;\"><sup>*<\/sup><\/span><span style=\"font-kerning: none;\"> 1963) ist Physikerin und Systemische Beraterin nach SySt<\/span><span style=\"font-stretch: normal; font-size: 14px; line-height: normal; -webkit-font-kerning: none;\"><sup>\u00ae<\/sup><\/span><span style=\"font-kerning: none;\">.\nSie war in verschiedenen Fach- und F\u00fchrungspositionen f\u00fcr Produktionsanlagen, Fabriken, Automatisierung und Prozessmanagement im regulierten Umfeld t\u00e4tig. Ihr Schwerpunkt liegt auf einer ganzheitlichen Betrachtung f\u00fcr eine individuelle, effiziente L\u00f6sung der jeweiligen Aufgabenstellung.\u00a0<\/span><\/p>\n<p style=\"margin-bottom: 0px; font-stretch: normal; font-size: 8; line-height: normal; font-family: Menlo; color: #000000; -webkit-text-stroke-width: initial; -webkit-text-stroke-color: #000000;\"><span style=\"-webkit-text-stroke-width: initial;\">\u00a0<\/span><\/p>\n<p style=\"margin-bottom: 0px; font-stretch: normal; font-size: 14px; line-height: 1.8; font-family: Menlo; color: #000000; -webkit-text-stroke-width: initial; -webkit-text-stroke-color: #000000;\"><span style=\"-webkit-text-stroke-width: initial;\">Mit der Kleinw\u00e4chter Beratung. Coaching. Engineering ist sie seit 2016 erfolgreich selbst\u00e4ndig. Ihre Kunden kommen aus den Branchen Aviation, Medical, Robotics und Healthcare.<\/span><\/p>\t\t\t\t\t\t\t\t<\/div>\n\t\t\t\t<\/div>\n\t\t\t\t\t<\/div>\n\t\t<\/div>\n\t\t\t\t\t<\/div>\n\t\t<\/section>\n\t\t\t\t<section class=\"elementor-section elementor-top-section elementor-element elementor-element-278b1d0 elementor-section-boxed elementor-section-height-default elementor-section-height-default\" data-id=\"278b1d0\" data-element_type=\"section\" data-e-type=\"section\">\n\t\t\t\t\t\t<div class=\"elementor-container elementor-column-gap-default\">\n\t\t\t\t\t<div class=\"elementor-column elementor-col-100 elementor-top-column elementor-element elementor-element-9df6f3b\" data-id=\"9df6f3b\" data-element_type=\"column\" data-e-type=\"column\">\n\t\t\t<div class=\"elementor-widget-wrap elementor-element-populated\">\n\t\t\t\t\t\t<div class=\"elementor-element elementor-element-0f9d26e elementor-widget elementor-widget-image\" data-id=\"0f9d26e\" data-element_type=\"widget\" data-e-type=\"widget\" data-widget_type=\"image.default\">\n\t\t\t\t<div class=\"elementor-widget-container\">\n\t\t\t\t\t\t\t\t\t\t\t\t\t\t\t<img decoding=\"async\" src=\"https:\/\/kleinwaechter.ch\/wp-content\/uploads\/elementor\/thumbs\/1a-bs-eigen-ano-schmal-400-p66i7cpbk78kpa6ofqb79d495lit4bfgr294m8k6ww.jpg\" title=\"1a bs eigen ano schmal 400\" alt=\"1a bs eigen ano schmal 400\" loading=\"lazy\" \/>\t\t\t\t\t\t\t\t\t\t\t\t\t\t\t<\/div>\n\t\t\t\t<\/div>\n\t\t\t\t\t<\/div>\n\t\t<\/div>\n\t\t\t\t\t<\/div>\n\t\t<\/section>\n\t\t\t\t<section class=\"elementor-section elementor-top-section elementor-element elementor-element-b06cd58 elementor-section-boxed elementor-section-height-default elementor-section-height-default\" data-id=\"b06cd58\" data-element_type=\"section\" data-e-type=\"section\">\n\t\t\t\t\t\t<div class=\"elementor-container elementor-column-gap-default\">\n\t\t\t\t\t<div class=\"elementor-column elementor-col-100 elementor-top-column elementor-element elementor-element-c39b1c5\" data-id=\"c39b1c5\" data-element_type=\"column\" data-e-type=\"column\">\n\t\t\t<div class=\"elementor-widget-wrap elementor-element-populated\">\n\t\t\t\t\t\t<div class=\"elementor-element elementor-element-02211fa elementor-widget elementor-widget-text-editor\" data-id=\"02211fa\" data-element_type=\"widget\" data-e-type=\"widget\" data-widget_type=\"text-editor.default\">\n\t\t\t\t<div class=\"elementor-widget-container\">\n\t\t\t\t\t\t\t\t\t<p style=\"margin-bottom: 0px; font-stretch: normal; font-size: 14px; line-height: 1.8; font-family: Menlo; color: #000000; -webkit-text-stroke-width: initial; -webkit-text-stroke-color: #000000;\"><span style=\"font-kerning: none;\">Wenn wir Sie neugierig machen konnten, freuen wir uns auf Ihre Kontaktaufnahme.<\/span><\/p>\t\t\t\t\t\t\t\t<\/div>\n\t\t\t\t<\/div>\n\t\t\t\t\t<\/div>\n\t\t<\/div>\n\t\t\t\t\t<\/div>\n\t\t<\/section>\n\t\t\t\t<section class=\"elementor-section elementor-top-section elementor-element elementor-element-f2286b3 elementor-section-boxed elementor-section-height-default elementor-section-height-default\" data-id=\"f2286b3\" data-element_type=\"section\" data-e-type=\"section\">\n\t\t\t\t\t\t<div class=\"elementor-container elementor-column-gap-default\">\n\t\t\t\t\t<div class=\"elementor-column elementor-col-100 elementor-top-column elementor-element elementor-element-a6bbdd3\" data-id=\"a6bbdd3\" data-element_type=\"column\" data-e-type=\"column\">\n\t\t\t<div class=\"elementor-widget-wrap elementor-element-populated\">\n\t\t\t\t\t\t<div class=\"elementor-element elementor-element-a662f01 elementor-widget elementor-widget-text-editor\" data-id=\"a662f01\" data-element_type=\"widget\" data-e-type=\"widget\" data-widget_type=\"text-editor.default\">\n\t\t\t\t<div class=\"elementor-widget-container\">\n\t\t\t\t\t\t\t\t\t<p style=\"margin-bottom: 0px; font-stretch: normal; font-size: 9px; line-height: normal; font-family: Menlo; color: rgb(0, 0, 0); -webkit-text-stroke-width: initial; -webkit-text-stroke-color: rgb(0, 0, 0);\"><span style=\"font-kerning: none\">\u00a9 2020 Sabine Kleinw\u00e4chter<\/span><\/p>\t\t\t\t\t\t\t\t<\/div>\n\t\t\t\t<\/div>\n\t\t\t\t\t<\/div>\n\t\t<\/div>\n\t\t\t\t\t<\/div>\n\t\t<\/section>\n\t\t\t\t<\/div>\n\t\t","protected":false},"excerpt":{"rendered":"<p>ENGINEERING. AUTOMATION. PRODUKTION. PROZESSDIGITALISIERUNG. SYSTEMS ENGINEERING &amp; AUTOMATION Ob bei der Optimierung von Verf\u00fcgbarkeit, Zuverl\u00e4ssigkeit, Taktzeit, Prozess und Yield, der Materialflussplanung bis zur Automatisierung Ihrer Abl\u00e4ufe erhalten Sie die richtige Unterst\u00fctzung in allen Phasen und Anforderungen: pr\u00e4zise, umfassend, l\u00f6sungsfokussiert. PROZESSE &amp; DIGITALISIERUNG Wenn neue Ziele rufen oder die Grenzen des Alten erreicht sind, ist es [&hellip;]<\/p>\n","protected":false},"author":1,"featured_media":0,"parent":0,"menu_order":0,"comment_status":"closed","ping_status":"closed","template":"","meta":{"footnotes":""},"class_list":["post-105","page","type-page","status-publish","hentry"],"_links":{"self":[{"href":"https:\/\/kleinwaechter.ch\/index.php\/wp-json\/wp\/v2\/pages\/105","targetHints":{"allow":["GET"]}}],"collection":[{"href":"https:\/\/kleinwaechter.ch\/index.php\/wp-json\/wp\/v2\/pages"}],"about":[{"href":"https:\/\/kleinwaechter.ch\/index.php\/wp-json\/wp\/v2\/types\/page"}],"author":[{"embeddable":true,"href":"https:\/\/kleinwaechter.ch\/index.php\/wp-json\/wp\/v2\/users\/1"}],"replies":[{"embeddable":true,"href":"https:\/\/kleinwaechter.ch\/index.php\/wp-json\/wp\/v2\/comments?post=105"}],"version-history":[{"count":273,"href":"https:\/\/kleinwaechter.ch\/index.php\/wp-json\/wp\/v2\/pages\/105\/revisions"}],"predecessor-version":[{"id":441,"href":"https:\/\/kleinwaechter.ch\/index.php\/wp-json\/wp\/v2\/pages\/105\/revisions\/441"}],"wp:attachment":[{"href":"https:\/\/kleinwaechter.ch\/index.php\/wp-json\/wp\/v2\/media?parent=105"}],"curies":[{"name":"wp","href":"https:\/\/api.w.org\/{rel}","templated":true}]}}